{"id":9723,"date":"2021-09-27T09:48:19","date_gmt":"2021-09-27T09:48:19","guid":{"rendered":"https:\/\/www.impresarusconi.it\/privacy-policy\/"},"modified":"2024-05-30T07:41:46","modified_gmt":"2024-05-30T07:41:46","slug":"privacy-policy","status":"publish","type":"page","link":"https:\/\/www.impresarusconi.it\/en\/privacy-policy\/","title":{"rendered":"Privacy Policy"},"content":{"rendered":"<p><div class=\"fusion-fullwidth fullwidth-box fusion-builder-row-1 fusion-flex-container fusion-parallax-none nonhundred-percent-fullwidth non-hundred-percent-height-scrolling lazyload\" style=\"--awb-border-radius-top-left:0px;--awb-border-radius-top-right:0px;--awb-border-radius-bottom-right:0px;--awb-border-radius-bottom-left:0px;--awb-background-size:cover;--awb-flex-wrap:wrap;\" data-bg=\"https:\/\/www.impresarusconi.it\/wp-content\/uploads\/2021\/10\/black-30-1.png\" ><div class=\"fusion-builder-row fusion-row fusion-flex-align-items-flex-start fusion-flex-content-wrap\" style=\"max-width:1206.4px;margin-left: calc(-4% \/ 2 );margin-right: calc(-4% \/ 2 );\"><div class=\"fusion-layout-column fusion_builder_column fusion-builder-column-0 fusion_builder_column_1_1 1_1 fusion-flex-column fusion-flex-align-self-flex-end gradient-column-1\" style=\"--awb-bg-size:cover;--awb-width-large:100%;--awb-margin-top-large:25px;--awb-spacing-right-large:1.92%;--awb-margin-bottom-large:25px;--awb-spacing-left-large:1.92%;--awb-width-medium:100%;--awb-order-medium:0;--awb-spacing-right-medium:1.92%;--awb-spacing-left-medium:1.92%;--awb-width-small:100%;--awb-order-small:0;--awb-spacing-right-small:1.92%;--awb-spacing-left-small:1.92%;\"><div class=\"fusion-column-wrapper fusion-column-has-shadow fusion-flex-justify-content-flex-start fusion-content-layout-column\"><div class=\"fusion-title title fusion-title-1 fusion-sep-none fusion-title-text fusion-title-size-one font300\" style=\"--awb-text-color:#ffffff;--awb-margin-top-small:8px;--awb-margin-right-small:0px;--awb-margin-bottom-small:16px;--awb-margin-left-small:0px;\"><h1 class=\"fusion-title-heading title-heading-left fusion-responsive-typography-calculated\" style=\"margin:0;--fontSize:72;line-height:1.2;\">Privacy Policy<\/h1><\/div><\/div><\/div><\/div><\/div><div class=\"fusion-fullwidth fullwidth-box fusion-builder-row-2 fusion-flex-container nonhundred-percent-fullwidth non-hundred-percent-height-scrolling\" style=\"--awb-border-radius-top-left:0px;--awb-border-radius-top-right:0px;--awb-border-radius-bottom-right:0px;--awb-border-radius-bottom-left:0px;--awb-padding-bottom:0px;--awb-padding-top-small:17%;--awb-flex-wrap:wrap;\" ><div class=\"fusion-builder-row fusion-row fusion-flex-align-items-flex-start fusion-flex-justify-content-center fusion-flex-content-wrap\" style=\"max-width:1206.4px;margin-left: calc(-4% \/ 2 );margin-right: calc(-4% \/ 2 );\"><div class=\"fusion-layout-column fusion_builder_column fusion-builder-column-1 fusion_builder_column_4_5 4_5 fusion-flex-column gradient-column-2\" style=\"--awb-bg-size:cover;--awb-width-large:80%;--awb-margin-top-large:0px;--awb-spacing-right-large:2.4%;--awb-margin-bottom-large:0px;--awb-spacing-left-large:2.4%;--awb-width-medium:100%;--awb-spacing-right-medium:1.92%;--awb-spacing-left-medium:1.92%;--awb-width-small:100%;--awb-spacing-right-small:1.92%;--awb-spacing-left-small:1.92%;\"><div class=\"fusion-column-wrapper fusion-flex-justify-content-flex-start fusion-content-layout-column\"><div class=\"fusion-text fusion-text-1\" style=\"--awb-text-transform:none;\"><p>INFORMATIVA PER L\u2019UTENTE sull\u2019uso del sito e dei servizi<\/p>\n<h2>Premessa<\/h2>\n<p>Impresa Rusconi Carlo S.r.l. (P. IVA 00802070151) \u00e8 la proprietaria dei siti https:\/\/www.impresarusconi.it\/, https:\/\/taleamilano.it\/, https:\/\/www.unicobrera.it\/ e https:\/\/www.sansimilano.it\/ (di seguito, i Siti) e, pertanto, in qualit\u00e0 di titolare del trattamento, tratter\u00e0 i dati personali degli utenti dei Siti per diverse finalit\u00e0.<\/p>\n<p>Di conseguenza, in conformit\u00e0 con la legislazione in materia di trattamento dei dati personali, e, in particolare, in conformit\u00e0 con il Reg. UE 2016\/679 (di seguito, il GDPR), Impresa Carlo Rusconi S.r.l. (di seguito, la Titolare) con la presente fornisce l\u2019informativa relativa al trattamento dei dati personali degli utenti in relazione all\u2019utilizzo dei Siti.<\/p>\n<p>Per il trattamento dei dati personali relativi alla navigazione (cd. cookies), gli utenti sono invitati a leggere la Cookie Policy.<\/p>\n<p>Dati trattati, finalit\u00e0 del trattamento e condizioni di liceit\u00e0<br \/>\nLa Titolare del trattamento tratta (a titolo esemplificativo e non esaustivo) i seguenti dati personali forniti dall&#8217;utente durante l&#8217;utilizzo del Sito:<br \/>\ndati identificativi (ad es.: nome; cognome; lingua; et\u00e0; ecc) ed altri dati personali (nazionalit\u00e0; citt\u00e0 di residenza; CAP; ecc)<br \/>\ndati di contatto (ad es.: numero di telefono; email; ecc).<br \/>\nVerranno trattati solo dati forniti dagli utenti nel rispetto della presente informativa, raccolti tramite i Siti, via email o presso le nostre sedi. I dati derivanti da fonti pubbliche non verranno trattati.<\/p>\n<p>I dati personali saranno trattati dalla Titolare per le seguenti finalit\u00e0:<br \/>\npermettere agli utenti di richiedere informazioni per il tramite delle pagine e dei form \u201cContatti\u201d, \u201cRichiedi Informazioni\u201d, \u201cScrivi a\u201d, \u201cFissa il tuo appuntamento\u201d ed \u201cIscriviti\u201d;<br \/>\npermettere alla Titolare di rispondere alle richieste degli utenti;<br \/>\npermettere agli utenti di creare un proprio profilo (per il tramite della pagina \u201cRegistrati\u201d), di accedere a tale profilo (per il tramite della pagina \u201cLogin\u201d) e di recuperare le credenziali di accesso a tale profilo (per il tramite della pagina \u201cRecupera password\u201d);<br \/>\npermettere alla Titolare di memorizzare le credenziali di accesso degli utenti;<br \/>\npermettere agli utenti di conservare, all\u2019interno del profilo personale, i propri immobili preferiti;<br \/>\npermettere alla Titolare di esercitare e difendere in giudizio i propri diritti;<br \/>\npermettere alla Titolare di adempiere ad obblighi legali ai quali essa \u00e8 soggetta;<br \/>\ncon il consenso dell\u2019utente, che \u00e8 facoltativo e revocabile in ogni momento, per finalit\u00e0 di marketing (tradizionale e non), ossia per inviare agli utenti newsletter promozionali, comunicazioni pubblicitarie, ricerche di mercato, analisi statistiche con dati anonimi, organizzati informa aggregata. Le attivit\u00e0 di marketing sono realizzate tramite email, newsletter, chiamate telefoniche tramite operatore, sms, posta tradizionale, compreso l&#8217;invio di inviti ad eventi organizzati dalla Titolare (cd. marketing);<br \/>\ncon il Suo consenso, che \u00e8 facoltativo e revocabile in ogni momento, per raccogliere informazioni relative alle preferenze ed alle abitudini dell\u2019utente, per fornire servizi maggiormente rispondenti alle esigenze dell\u2019utente stesso (cd. profilazione).<\/p>\n<p>I trattamenti, di cui all\u2019art. 1.2., sono effettuati in virt\u00f9 delle seguenti basi giuridiche:<br \/>\nper le finalit\u00e0 di cui alle lett. a) &#8211; e), la base giuridica consiste nell\u2019art. 6 n. 1 lett. b) e nell\u2019art. 6 n. 1 lett. f) GDPR, stante il legittimo interesse della Titolare a riscontrare le richieste degli utenti;<br \/>\nper la finalit\u00e0 di cui alla lett. f), la base giuridica consiste nell\u2019art. 6 n. 1 lett. f) GDPR, stante il legittimo interesse della Titolare ad esercitare i propri diritti;<br \/>\nper la finalit\u00e0 di cui alla lett. g), la base giuridica consiste nell\u2019art. 6 n. 1 lett. c) GDPR;<br \/>\nper le finalit\u00e0 di cui alle lett. h) e i), la base giuridica consiste nel consenso dell\u2019utente, ai sensi dell\u2019art. 6 n. 1 lett. a) GDPR.<\/p>\n<p>La Titolare, inoltre, tratta ulteriori dati degli utenti non qualificabili come dati personali ai sensi del GDPR (ad es.: interessi ed esigenze). Per questi dati non si applica quanto previsto dalla presente informativa.<\/p>\n<p>Si evidenzia che sul Sito \u00e8 vietato l\u2019inserimento di dati, personali e non, di soggetti diversi dall\u2019utente o di soggetti che non abbiano autorizzato l\u2019utente all\u2019inserimento.<\/p>\n<p>Natura facoltativa od obbligatoria del conferimento dei dati e del consenso e conseguenze in caso di mancanza del consenso<\/p>\n<p>Il conferimento dei dati per le finalit\u00e0 di cui all\u2019art. 1.2. lett. a) &#8211; g) \u00e8 necessario per consentire all\u2019utente di richiedere informazioni, creare un proprio profilo, accedervi e memorizzarvi i propri immobili preferiti. L\u2019eventuale rifiuto di conferire tali dati determiner\u00e0 l\u2019impossibilit\u00e0 per la Titolare di rispondere alle richieste degli utenti e di memorizzare le credenziali di accesso, nonch\u00e9 l\u2019impossibilit\u00e0 per gli utenti di richiedere informazioni, creare un proprio profilo, accedervi e memorizzarvi i propri immobili preferiti.<br \/>\nIl conferimento del consenso per le finalit\u00e0 di cui all\u2019art. 1.2. lett. h) e i) \u00e8 facoltativo. Pertanto, l\u2019eventuale rifiuto di conferire il consenso determiner\u00e0 l\u2019impossibilit\u00e0 non avr\u00e0 conseguenze sulle finalit\u00e0 di cui all\u2019art. 1.2. lett. a) &#8211; g), mentre determiner\u00e0 l\u2019impossibilit\u00e0 per la Titolare di perseguire le finalit\u00e0 di cui all\u2019art. 1.2. lett. h) e i).<br \/>\nIl consenso, ove richiesto, pu\u00f2 essere fornito firmando un documento digitale (anche tramite apposita flagbox) o un documento cartaceo, in occasione di eventi, visite e accessi a esercizi commerciali della Titolare.<\/p>\n<h3>Destinatari dei dati<\/h3>\n<p>Per le finalit\u00e0 indicate nell\u2019art. 1.2., la Titolare potrebbe comunicare o cedere i dati degli utenti ai seguenti soggetti:<br \/>\ndipendenti, collaboratori ed amministratori della Titolare, in qualit\u00e0 di incaricati del trattamento;<br \/>\nconsulenti, tecnici e societ\u00e0 operanti nel settore IT;<br \/>\nconsulenti e societ\u00e0 operanti nel settore del marketing, della comunicazione e delle ricerche di mercato;<br \/>\nistituti di credito ed assicurazioni;<br \/>\nautorit\u00e0 giudiziarie, operatori del settore giudiziario e forze di polizia;<br \/>\nautorit\u00e0 di vigilanza e finanziarie;<br \/>\ncollaboratori o consulenti (ad es.: commercialisti, avvocati, revisori, ecc) della Titolare;<br \/>\nsoggetti che dovessero acquisire, in tutto o in parte, la Titolare o essere oggetto di fusione, acquisizione o di cessione di azienda o ramo.<br \/>\nTali dati saranno comunicati o ceduti ai destinatari solo per le finalit\u00e0 specifiche di ciascun destinatario e limitatamente ai dati strettamente necessari, nel rispetto dei principi stabiliti dall\u2019art. 5 GDPR.<\/p>\n<h3>Metodi di trattamento dei dati personali<\/h3>\n<p>I dati personali sono trattati secondo i principi stabiliti dal GDPR (liceit\u00e0, correttezza e trasparenza; determinazione; adeguatezza, pertinenza e limitazione; accuratezza; sicurezza).<br \/>\nI dati personali sono trattati con metodi e strumenti cartacei, informatici e telematici (anche tramite modalit\u00e0 automatizzate finalizzate a memorizzarli, gestirli e trasmetterli), adottando misure organizzative e tecniche adeguate ai rischi connessi al trattamento specifico ed idonee a garantire la sicurezza, la riservatezza l\u2019integrit\u00e0, la disponibilit\u00e0 e la resilienza dei sistemi.<br \/>\nI dati saranno conservati in server situati nell\u2019Unione Europea.<\/p>\n<h3>Periodo di conservazione dei dati personali<\/h3>\n<p>I dati trattati sono conservati per il tempo strettamente necessario al perseguimento di tali finalit\u00e0 e, comunque, per un periodo non superiore a 10 anni dall\u2019ultimo accesso ad uno dei Siti da parte dell\u2019utente.<\/p>\n<h3>Trasferimento dei dati<\/h3>\n<p>Non \u00e8 previsto il trasferimento dei dati degli utenti al di fuori dell\u2019UE, se non per mezzo di social plugin o di cookie analitici (di Google, Facebook, Instagram, YouTube, Twitter o LinkedIn) che potrebbero trasferire alcuni dati. In tali casi, il trasferimento avverr\u00e0 nel rispetto della normativa e solo qualora sia possibile garantire un livello di protezione dei dati personali analogo a quello garantito dal GDPR.<\/p>\n<h3>Diritti dell\u2019utente<\/h3>\n<p>Ai sensi del GDPR gli utenti godono dei seguenti diritti:<\/p>\n<p>diritto di accesso: diritto di ottenere conferma se vengono trattati dati personali che lo riguardano e, in tal caso, l&#8217;accesso ai dati personali e altre informazioni specifiche, ai sensi dell&#8217;art. 15 GDPR;<br \/>\ndiritto di rettifica: diritto di ottenere la rettifica di dati personali inesatti che lo riguardano. Tenendo conto delle finalit\u00e0 del trattamento, l&#8217;utente ha diritto di ottenere il completamento dei dati personali incompleti, anche mediante una dichiarazione integrativa, ai sensi dell&#8217;art. 16 GDPR;<br \/>\ndiritto alla cancellazione\/diritto all&#8217;oblio e diritto di revoca del consenso: diritto di ottenere la cancellazione dei dati personali che lo riguardano ed obbligo per la Titolare di cancellare i dati personali ove si applichino i motivi di cui all&#8217;art. 17 GDPR. In relazione alla revoca del consenso, l&#8217;utente ha il diritto di revocare il consenso in qualsiasi momento, senza pregiudicare la liceit\u00e0 del trattamento basata sul consenso prestato prima della revoca;<br \/>\ndiritto alla limitazione del trattamento: diritto di ottenere la limitazione del trattamento laddove si applicano i motivi di cui all&#8217;art. 18 GDPR;<br \/>\ndiritto alla portabilit\u00e0 dei dati: diritto di ricevere i dati personali che lo riguardano e che ha fornito alla Titolare, in un formato strutturato, di uso comune e leggibile da dispositivo automatico, e diritto di trasmettere tali dati ad un altro titolare alle condizioni stabilite dall\u2019art. 20 GDPR;<br \/>\ndiritto di opporsi alle comunicazioni di marketing: diritto di opporsi, in ogni momento, gratuitamente, alla ricezione di comunicazioni commerciali; il diritto pu\u00f2 essere esercitato anche disgiuntamente per il marketing tradizionale e non. L\u2019utente ha diritto di opporsi nelle circostanze elencate di seguito:<br \/>\n&#8211; in qualsiasi momento, in relazione a motivi legati alla tua particolare situazione, di opporti al trattamento dei dati personali che ti riguardano, ai sensi dell&#8217;articolo 6, paragrafo 1, lettere e) o f) del GDPR, compresa la profilazione basata su tali disposizioni. Il Titolare non tratta pi\u00f9 i dati personali a meno che il Titolare non dimostri validi motivi legittimi per il trattamento che prevalgono sugli interessi, i diritti e le libert\u00e0 dell&#8217;utente o per l&#8217;istituzione, l&#8217;esercizio o la difesa di rivendicazioni legali;<\/p>\n<p>&#8211; laddove i dati personali vengano trattati per scopi di marketing diretto, l&#8217;utente avr\u00e0 il diritto di opporsi in qualsiasi momento al trattamento dei dati personali che lo riguardano per tale marketing, che include la profilazione nella misura in cui \u00e8 correlata a tale marketing diretto;<\/p>\n<p>&#8211; in caso di opposizione al trattamento per scopi di marketing diretto, i dati personali non saranno pi\u00f9 trattati per tali scopi.<\/p>\n<p>Per maggiori informazioni, si vedano <a href=\"https:\/\/edpb.europa.eu\/guidelines-your-rights_en\" target=\"_blank\" rel=\"noopener\">https:\/\/edpb.europa.eu\/guidelines-your-rights_en<\/a> e <a href=\"https:\/\/edpb.europa.eu\/about-edpb\/board\/members_en\" target=\"_blank\" rel=\"noopener\">https:\/\/edpb.europa.eu\/about-edpb\/board\/members_en<\/a>.<\/p>\n<h3>Minori di 18 anni<\/h3>\n<p>I siti ed i servizi offerti dalla Titolare non sono destinati ai minori di 18 anni; pertanto, la Titolare non tratta intenzionalmente dati personali di minori di 18 anni. Tuttavia, la Titolare \u00e8 consapevole della impossibilit\u00e0 di impedire preventivamente l\u2019accesso al Sito e l\u2019utilizzo dello stesso ai minori di 18 anni; pertanto, essa si riserva il diritto di verificare l\u2019et\u00e0 degli utenti e di negare loro l\u2019accesso ai servizi, se minori di 18 anni. Tali soggetti possono accedere ai servizi soltanto se e nella misura in cui il consenso al trattamento dei loro dati personali \u00e8 prestato o autorizzato dal titolare della responsabilit\u00e0 genitoriale. Con l\u2019accettazione di questa informativa, l\u2019utente dichiara di essere maggiorenne.<\/p>\n<h3>Contatti<\/h3>\n<p>La Titolare del trattamento dei dati Impresa Carlo Rusconi S.r.l. (P. IVA 00802070151), con sede legale in piazzale Principessa Clotilde 8 (20121) Milano.<\/p>\n<p>Per esercitare i propri diritti o per avere informazioni in merito al trattamento dei dati personali, gli utenti possono scrivere all\u2019indirizzo email <a href=\"mailto:info@impresarusconi.it\">info@impresarusconi.it<\/a><\/p>\n<p>Per maggiori informazioni in merito alla normativa sul trattamento dei dati personali, si veda <a href=\"https:\/\/eur-lex.europa.eu\/legal-content\/IT\/TXT\/?uri=CELEX%3A32016R0679\" target=\"_blank\" rel=\"noopener\">https:\/\/eur-lex.europa.eu\/legal-content\/IT\/TXT\/?uri=CELEX%3A32016R0679<\/a>.<\/p>\n<h3>Social networks<\/h3>\n<p>I Siti contengono links a siti di terzi (in particolare, Facebook, Instagram, YouTube e Linkedin). Per questi siti non si applica quanto previsto dalla presente informativa. La Titolare suggerisce di consultare le informative privacy e le cookie policy di tali siti.<\/p>\n<p>La Titolare si riserva il diritto di modificare ed aggiornare la Privacy Policy. Si consiglia, pertanto, di consultare periodicamente la Privacy Policy per conoscere tempestivamente eventuali modifiche ed aggiornamenti, posto che l\u2019utilizzo del Sito, dopo la pubblicazione di tali modifiche ed aggiornamenti, costituisce accettazione delle stesse.<\/p>\n<p>Data ultimo aggiornamento: 08\/03\/2022<\/p>\n<\/div><\/div><\/div><\/div><\/div><\/p>\n","protected":false},"excerpt":{"rendered":"","protected":false},"author":7,"featured_media":0,"parent":0,"menu_order":0,"comment_status":"closed","ping_status":"closed","template":"100-width.php","meta":{"_acf_changed":false,"footnotes":""},"class_list":["post-9723","page","type-page","status-publish","hentry"],"acf":[],"yoast_head":"<!-- This site is optimized with the Yoast SEO plugin v27.3 - https:\/\/yoast.com\/product\/yoast-seo-wordpress\/ -->\n<title>Privacy Policy - Impresa Rusconi<\/title>\n<meta name=\"description\" content=\"In questa pagina sono descritte le modalit\u00e0 di gestione del sito in riferimento al trattamento dei dati personali degli utenti che lo consultano.\" \/>\n<meta name=\"robots\" content=\"index, follow, max-snippet:-1, max-image-preview:large, max-video-preview:-1\" \/>\n<link rel=\"canonical\" href=\"https:\/\/www.impresarusconi.it\/en\/privacy-policy\/\" \/>\n<meta property=\"og:locale\" content=\"en_US\" \/>\n<meta property=\"og:type\" content=\"article\" \/>\n<meta property=\"og:title\" content=\"Privacy Policy - Impresa Rusconi\" \/>\n<meta property=\"og:description\" content=\"In questa pagina sono descritte le modalit\u00e0 di gestione del sito in riferimento al trattamento dei dati personali degli utenti che lo consultano.\" \/>\n<meta property=\"og:url\" content=\"https:\/\/www.impresarusconi.it\/en\/privacy-policy\/\" \/>\n<meta property=\"og:site_name\" content=\"Impresa Rusconi\" \/>\n<meta property=\"article:modified_time\" content=\"2024-05-30T07:41:46+00:00\" \/>\n<meta name=\"twitter:card\" content=\"summary_large_image\" \/>\n<meta name=\"twitter:label1\" content=\"Est. reading time\" \/>\n\t<meta name=\"twitter:data1\" content=\"16 minutes\" \/>\n<script type=\"application\/ld+json\" class=\"yoast-schema-graph\">{\"@context\":\"https:\\\/\\\/schema.org\",\"@graph\":[{\"@type\":\"WebPage\",\"@id\":\"https:\\\/\\\/www.impresarusconi.it\\\/en\\\/privacy-policy\\\/\",\"url\":\"https:\\\/\\\/www.impresarusconi.it\\\/en\\\/privacy-policy\\\/\",\"name\":\"Privacy Policy - Impresa Rusconi\",\"isPartOf\":{\"@id\":\"https:\\\/\\\/www.impresarusconi.it\\\/en\\\/#website\"},\"datePublished\":\"2021-09-27T09:48:19+00:00\",\"dateModified\":\"2024-05-30T07:41:46+00:00\",\"description\":\"In questa pagina sono descritte le modalit\u00e0 di gestione del sito in riferimento al trattamento dei dati personali degli utenti che lo consultano.\",\"breadcrumb\":{\"@id\":\"https:\\\/\\\/www.impresarusconi.it\\\/en\\\/privacy-policy\\\/#breadcrumb\"},\"inLanguage\":\"en-US\",\"potentialAction\":[{\"@type\":\"ReadAction\",\"target\":[\"https:\\\/\\\/www.impresarusconi.it\\\/en\\\/privacy-policy\\\/\"]}]},{\"@type\":\"BreadcrumbList\",\"@id\":\"https:\\\/\\\/www.impresarusconi.it\\\/en\\\/privacy-policy\\\/#breadcrumb\",\"itemListElement\":[{\"@type\":\"ListItem\",\"position\":1,\"name\":\"Home\",\"item\":\"https:\\\/\\\/www.impresarusconi.it\\\/en\\\/\"},{\"@type\":\"ListItem\",\"position\":2,\"name\":\"Privacy Policy\"}]},{\"@type\":\"WebSite\",\"@id\":\"https:\\\/\\\/www.impresarusconi.it\\\/en\\\/#website\",\"url\":\"https:\\\/\\\/www.impresarusconi.it\\\/en\\\/\",\"name\":\"Impresa Rusconi\",\"description\":\"Una questione di fiducia\",\"potentialAction\":[{\"@type\":\"SearchAction\",\"target\":{\"@type\":\"EntryPoint\",\"urlTemplate\":\"https:\\\/\\\/www.impresarusconi.it\\\/en\\\/?s={search_term_string}\"},\"query-input\":{\"@type\":\"PropertyValueSpecification\",\"valueRequired\":true,\"valueName\":\"search_term_string\"}}],\"inLanguage\":\"en-US\"}]}<\/script>\n<!-- \/ Yoast SEO plugin. -->","yoast_head_json":{"title":"Privacy Policy - Impresa Rusconi","description":"In questa pagina sono descritte le modalit\u00e0 di gestione del sito in riferimento al trattamento dei dati personali degli utenti che lo consultano.","robots":{"index":"index","follow":"follow","max-snippet":"max-snippet:-1","max-image-preview":"max-image-preview:large","max-video-preview":"max-video-preview:-1"},"canonical":"https:\/\/www.impresarusconi.it\/en\/privacy-policy\/","og_locale":"en_US","og_type":"article","og_title":"Privacy Policy - Impresa Rusconi","og_description":"In questa pagina sono descritte le modalit\u00e0 di gestione del sito in riferimento al trattamento dei dati personali degli utenti che lo consultano.","og_url":"https:\/\/www.impresarusconi.it\/en\/privacy-policy\/","og_site_name":"Impresa Rusconi","article_modified_time":"2024-05-30T07:41:46+00:00","twitter_card":"summary_large_image","twitter_misc":{"Est. reading time":"16 minutes"},"schema":{"@context":"https:\/\/schema.org","@graph":[{"@type":"WebPage","@id":"https:\/\/www.impresarusconi.it\/en\/privacy-policy\/","url":"https:\/\/www.impresarusconi.it\/en\/privacy-policy\/","name":"Privacy Policy - Impresa Rusconi","isPartOf":{"@id":"https:\/\/www.impresarusconi.it\/en\/#website"},"datePublished":"2021-09-27T09:48:19+00:00","dateModified":"2024-05-30T07:41:46+00:00","description":"In questa pagina sono descritte le modalit\u00e0 di gestione del sito in riferimento al trattamento dei dati personali degli utenti che lo consultano.","breadcrumb":{"@id":"https:\/\/www.impresarusconi.it\/en\/privacy-policy\/#breadcrumb"},"inLanguage":"en-US","potentialAction":[{"@type":"ReadAction","target":["https:\/\/www.impresarusconi.it\/en\/privacy-policy\/"]}]},{"@type":"BreadcrumbList","@id":"https:\/\/www.impresarusconi.it\/en\/privacy-policy\/#breadcrumb","itemListElement":[{"@type":"ListItem","position":1,"name":"Home","item":"https:\/\/www.impresarusconi.it\/en\/"},{"@type":"ListItem","position":2,"name":"Privacy Policy"}]},{"@type":"WebSite","@id":"https:\/\/www.impresarusconi.it\/en\/#website","url":"https:\/\/www.impresarusconi.it\/en\/","name":"Impresa Rusconi","description":"Una questione di fiducia","potentialAction":[{"@type":"SearchAction","target":{"@type":"EntryPoint","urlTemplate":"https:\/\/www.impresarusconi.it\/en\/?s={search_term_string}"},"query-input":{"@type":"PropertyValueSpecification","valueRequired":true,"valueName":"search_term_string"}}],"inLanguage":"en-US"}]}},"jetpack_sharing_enabled":true,"_links":{"self":[{"href":"https:\/\/www.impresarusconi.it\/en\/wp-json\/wp\/v2\/pages\/9723","targetHints":{"allow":["GET"]}}],"collection":[{"href":"https:\/\/www.impresarusconi.it\/en\/wp-json\/wp\/v2\/pages"}],"about":[{"href":"https:\/\/www.impresarusconi.it\/en\/wp-json\/wp\/v2\/types\/page"}],"author":[{"embeddable":true,"href":"https:\/\/www.impresarusconi.it\/en\/wp-json\/wp\/v2\/users\/7"}],"replies":[{"embeddable":true,"href":"https:\/\/www.impresarusconi.it\/en\/wp-json\/wp\/v2\/comments?post=9723"}],"version-history":[{"count":1,"href":"https:\/\/www.impresarusconi.it\/en\/wp-json\/wp\/v2\/pages\/9723\/revisions"}],"predecessor-version":[{"id":12101,"href":"https:\/\/www.impresarusconi.it\/en\/wp-json\/wp\/v2\/pages\/9723\/revisions\/12101"}],"wp:attachment":[{"href":"https:\/\/www.impresarusconi.it\/en\/wp-json\/wp\/v2\/media?parent=9723"}],"curies":[{"name":"wp","href":"https:\/\/api.w.org\/{rel}","templated":true}]}}