{"id":9722,"date":"2021-10-13T15:12:02","date_gmt":"2021-10-13T15:12:02","guid":{"rendered":"https:\/\/www.impresarusconi.it\/cookie-policy\/"},"modified":"2022-07-28T12:33:16","modified_gmt":"2022-07-28T12:33:16","slug":"cookie-policy","status":"publish","type":"page","link":"https:\/\/www.impresarusconi.it\/en\/cookie-policy\/","title":{"rendered":"Cookie Policy"},"content":{"rendered":"<p><div class=\"fusion-fullwidth fullwidth-box fusion-builder-row-1 fusion-flex-container fusion-parallax-none nonhundred-percent-fullwidth non-hundred-percent-height-scrolling lazyload\" style=\"--awb-border-radius-top-left:0px;--awb-border-radius-top-right:0px;--awb-border-radius-bottom-right:0px;--awb-border-radius-bottom-left:0px;--awb-background-size:cover;--awb-flex-wrap:wrap;\" data-bg=\"https:\/\/www.impresarusconi.it\/wp-content\/uploads\/2021\/10\/black-30-1.png\" ><div class=\"fusion-builder-row fusion-row fusion-flex-align-items-flex-start fusion-flex-content-wrap\" style=\"max-width:1206.4px;margin-left: calc(-4% \/ 2 );margin-right: calc(-4% \/ 2 );\"><div class=\"fusion-layout-column fusion_builder_column fusion-builder-column-0 fusion_builder_column_1_1 1_1 fusion-flex-column fusion-flex-align-self-flex-end gradient-column-1\" style=\"--awb-bg-size:cover;--awb-width-large:100%;--awb-margin-top-large:25px;--awb-spacing-right-large:1.92%;--awb-margin-bottom-large:25px;--awb-spacing-left-large:1.92%;--awb-width-medium:100%;--awb-order-medium:0;--awb-spacing-right-medium:1.92%;--awb-spacing-left-medium:1.92%;--awb-width-small:100%;--awb-order-small:0;--awb-spacing-right-small:1.92%;--awb-spacing-left-small:1.92%;\"><div class=\"fusion-column-wrapper fusion-column-has-shadow fusion-flex-justify-content-flex-start fusion-content-layout-column\"><div class=\"fusion-title title fusion-title-1 fusion-sep-none fusion-title-text fusion-title-size-one\" style=\"--awb-text-color:#ffffff;--awb-margin-top-small:8px;--awb-margin-right-small:0px;--awb-margin-bottom-small:16px;--awb-margin-left-small:0px;\"><h1 class=\"fusion-title-heading title-heading-left fusion-responsive-typography-calculated\" style=\"margin:0;--fontSize:72;line-height:1.2;\">Cookie Policy<\/h1><\/div><\/div><\/div><\/div><\/div><div class=\"fusion-fullwidth fullwidth-box fusion-builder-row-2 fusion-flex-container nonhundred-percent-fullwidth non-hundred-percent-height-scrolling\" style=\"--awb-border-radius-top-left:0px;--awb-border-radius-top-right:0px;--awb-border-radius-bottom-right:0px;--awb-border-radius-bottom-left:0px;--awb-padding-bottom:0px;--awb-margin-bottom:0px;--awb-margin-top-small:17%;--awb-flex-wrap:wrap;\" ><div class=\"fusion-builder-row fusion-row fusion-flex-align-items-flex-start fusion-flex-justify-content-center fusion-flex-content-wrap\" style=\"max-width:1206.4px;margin-left: calc(-4% \/ 2 );margin-right: calc(-4% \/ 2 );\"><div class=\"fusion-layout-column fusion_builder_column fusion-builder-column-1 fusion_builder_column_4_5 4_5 fusion-flex-column gradient-column-2\" style=\"--awb-bg-size:cover;--awb-width-large:80%;--awb-margin-top-large:0px;--awb-spacing-right-large:2.4%;--awb-margin-bottom-large:0px;--awb-spacing-left-large:2.4%;--awb-width-medium:100%;--awb-spacing-right-medium:1.92%;--awb-spacing-left-medium:1.92%;--awb-width-small:100%;--awb-spacing-right-small:1.92%;--awb-spacing-left-small:1.92%;\"><div class=\"fusion-column-wrapper fusion-flex-justify-content-flex-start fusion-content-layout-column\"><div class=\"fusion-text fusion-text-1\" style=\"--awb-text-transform:none;\"><p>Il sito www.impresarusconi.it utilizza cookies. Pertanto, in conformit\u00e0 con la legislazione sul trattamento dei dati personali, e, in particolare, in conformit\u00e0 con il Regolamento (UE) 2016\/679 (di seguito, &#8220;GDPR&#8221;), Impresa Carlo Rusconi S.r.l. (qui di seguito, la Titolare) fornisce le seguenti informazioni relative ai cookies utilizzati dal Sito ed al trattamento dei dati personali.<\/p>\n<h2>1. Che cos&#8217;\u00e8 un cookie?<\/h2>\n<p>I dati personali sono trattati mediante i cookies. I cookies sono stringhe di testo inviate e memorizzate sul computer dell&#8217;Utente dal Sito (per ulteriori informazioni, vedere <a href=\"http:\/\/www.allaboutcookies.org\/\" target=\"_blank\" rel=\"noopener\">http:\/\/www.allaboutcookies.org\/<\/a>).<\/p>\n<p>I cookies sono utilizzati per rendere la tua esperienza online pi\u00f9 efficiente e piacevole, riconoscerti ogni volta che visiti questo sito web al fine di accelerare l&#8217;accesso al Sito, ottenere informazioni sulle tue preferenze e sull&#8217;uso del nostro sito web ed effettuare ricerche e svolgere ricerche e analisi statistiche aggregate per contribuire a migliorare i nostri contenuti e servizi e per aiutarci a comprendere meglio le esigenze dei nostri utenti.<\/p>\n<p>Esistono diversi tipi di cookies:<\/p>\n<p>cookies di prima parte\/terza parte: i cookies possono essere installati dall&#8217;operatore del sito web che l&#8217;utente sta visitando (&#8220;cookies di prima parte&#8221;) o da altri siti web (&#8220;cookies di terze parti&#8221;)<br \/>\ncookies di sessione\/cookies persistenti: i cookies possono essere eliminati automaticamente ogni volta che termina la sessione di navigazione sul sito web o quando il browser \u00e8 chiuso (&#8220;cookie di sessione&#8221;) o memorizzati in modo permanente nel dispositivo dell&#8217;utente fino alla loro scadenza o cancellazione da parte dell&#8217;utente (&#8220;cookie persistenti&#8221;).<\/p>\n<h2>2. Cookies sul Sito e periodo di conservazione<\/h2>\n<p>Il Sito utilizza i seguenti tipi di cookies:<\/p>\n<p>cookies tecnici (che garantiscono la navigazione e il funzionamento del Sito), per i quali non \u00e8 richiesto il consenso dell&#8217;Utente;<br \/>\ncookies analitici anonimizzati gestiti direttamente dal Titolare del trattamento e da terzi (che garantiscono l&#8217;ottimizzazione dell&#8217;usabilit\u00e0 del Sito, raccogliendo dati in forma aggregata, minimizzata e senza ulteriore elaborazione o trasmissione ad altri terzi), per i quali non \u00e8 richiesto il consenso dell&#8217;Utente.<br \/>\nIl Sito non utilizza cookies analitici non anonimizzati e cookies di profilazione.<\/p>\n<\/div><div class=\"cky-audit-table-element\"><\/div><div class=\"fusion-text fusion-text-2\" style=\"--awb-text-transform:none;\"><p>Per maggiori informazioni sui Google Analytics Cookies e come disabilitarli, si veda <a href=\"https:\/\/developers.google.com\/analytics\/devguides\/collection\/analyticsj\/cookie-usage%20e%20https:\/\/tools.google.com\/dlpage\/gaoptout?hl=en-GB\" target=\"_blank\" rel=\"noopener\">https:\/\/developers.google.com\/analytics\/devguides\/collection\/analyticsj\/cookie-usage e https:\/\/tools.google.com\/dlpage\/gaoptout?hl=en-GB<\/a>.<\/p>\n<h2>3. Gestione e disabilitazione dei cookies<\/h2>\n<p>Oltre alle pagine precedenti, per scoprire in che modo il browser memorizza i cookies durante la navigazione e per gestire le opzioni di disabilitazione, seguire questi collegamenti, a seconda del browser utilizzato:<\/p>\n<p><strong>Mozilla Firefox<\/strong><br \/>\n<a href=\"https:\/\/support.mozilla.org\/it\/kb\/Gestione%20dei%20cookie\" target=\"_blank\" rel=\"noopener\">https:\/\/support.mozilla.org\/it\/kb\/Gestione%20dei%20cookie<\/a><br \/>\n<strong>Google Chrome<\/strong><br \/>\n<a href=\"https:\/\/support.google.com\/chrome\/answer\/95647?hl=it\" target=\"_blank\" rel=\"noopener\">https:\/\/support.google.com\/chrome\/answer\/95647?hl=it<\/a><br \/>\n<strong>Internet Explorer\/Edge<\/strong><br \/>\n<a href=\"http:\/\/windows.microsoft.com\/it-it\/windows-vista\/block-or-allow-cookies\" target=\"_blank\" rel=\"noopener\">http:\/\/windows.microsoft.com\/it-it\/windows-vista\/block-or-allow-cookies<\/a><\/p>\n<p><a href=\"https:\/\/support.microsoft.com\/it-it\/help\/4027947\/windows-delete-cookies\" target=\"_blank\" rel=\"noopener\">https:\/\/support.microsoft.com\/it-it\/help\/4027947\/windows-delete-cookies<\/a><br \/>\n<strong>Safari<\/strong><br \/>\n<a href=\"https:\/\/support.apple.com\/kb\/PH17191?viewlocale=it_IT&amp;locale=it_IT\" target=\"_blank\" rel=\"noopener\">https:\/\/support.apple.com\/kb\/PH17191?viewlocale=it_IT&amp;locale=it_IT<\/a><br \/>\n<strong>Safari 8 Yosemite<\/strong><br \/>\n<a href=\"https:\/\/support.apple.com\/kb\/PH19214?viewlocale=it_IT&amp;locale=it_IT\" target=\"_blank\" rel=\"noopener\">https:\/\/support.apple.com\/kb\/PH19214?viewlocale=it_IT&amp;locale=it_IT<\/a><br \/>\n<strong>Safari on iPhone, iPad, o iPod touch<\/strong><br \/>\n<a href=\"https:\/\/support.apple.com\/it-it\/HT201265\" target=\"_blank\" rel=\"noopener\">https:\/\/support.apple.com\/it-it\/HT201265<\/a><br \/>\n<strong>Opera<\/strong><br \/>\n<a href=\"http:\/\/help.opera.com\/Windows\/10.00\/it\/cookies.html\" target=\"_blank\" rel=\"noopener\">http:\/\/help.opera.com\/Windows\/10.00\/it\/cookies.html<\/a><br \/>\n<strong>IOS<\/strong><br \/>\n<a href=\"https:\/\/support.apple.com\/it-it\/HT201265\" target=\"_blank\" rel=\"noopener\">https:\/\/support.apple.com\/it-it\/HT201265<\/a><\/p>\n<p>Per maggiori informazioni sui cookies and come sono gestiti, si prega di visitare le seguenti pagine: <a href=\"http:\/\/www.youronlinechoices.com\/\" target=\"_blank\" rel=\"noopener\">http:\/\/www.youronlinechoices.com\/<\/a> , <a href=\"https:\/\/www.aboutcookies.org\/\" target=\"_blank\" rel=\"noopener\">https:\/\/www.aboutcookies.org\/<\/a> e <a href=\"https:\/\/cookiepedia.co.uk\/\" target=\"_blank\" rel=\"noopener\">https:\/\/cookiepedia.co.uk\/<\/a>.<\/p>\n<h2>4. Dati trattati, finalit\u00e0 del trattamento e condizioni di liceit\u00e0<\/h2>\n<p>Tramite i cookies la Titolare tratta dati personali per accelerare l&#8217;accesso al Sito, ottenere informazioni sulle tue preferenze e sull&#8217;uso del nostro sito web ed effettuare ricerche e svolgere ricerche e analisi statistiche aggregate per contribuire a migliorare i nostri contenuti e servizi e per aiutarci a comprendere meglio le esigenze dei nostri utenti.<\/p>\n<p>Salvo che per i cookies analitici non anonimizzati ed i cookies di profilazione non \u00e8 previsto il consenso da parte dell\u2019utente.<\/p>\n<h2>5. Destinatari dei dati<\/h2>\n<p>La Titolare potrebbe comunicare o cedere i dati degli utenti ai seguenti soggetti:<\/p>\n<p>dipendenti, collaboratori ed amministratori della Titolare, in qualit\u00e0 di incaricati del trattamento;<br \/>\nconsulenti, tecnici e societ\u00e0 operanti nel settore IT;<br \/>\nconsulenti e societ\u00e0 operanti nel settore del marketing, della comunicazione e delle ricerche di mercato;<br \/>\nistituti di credito ed assicurazioni;<br \/>\nautorit\u00e0 giudiziarie, operatori del settore giudiziario e forze di polizia;<br \/>\nautorit\u00e0 di vigilanza e finanziarie;<br \/>\ncollaboratori o consulenti (ad es.: commercialisti, avvocati, revisori, ecc) della Titolare;<br \/>\nsoggetti che dovessero acquisire, in tutto o in parte, la Titolare o essere oggetto di fusione, acquisizione o di cessione di azienda o ramo.<br \/>\nTali dati saranno comunicati o ceduti ai destinatari solo per le finalit\u00e0 specifiche di ciascun destinatario e limitatamente ai dati strettamente necessari, nel rispetto dei principi stabiliti dall\u2019art. 5 GDPR.<\/p>\n<h2>6. Bambini di et\u00e0 inferiore a 16 anni<\/h2>\n<p>I siti ed i servizi offerti dalla Titolare non sono destinati ai minori di 18 anni; pertanto, la Titolare non tratta intenzionalmente dati personali di minori di 18 anni. Tuttavia, la Titolare \u00e8 consapevole della impossibilit\u00e0 di impedire preventivamente l\u2019accesso al Sito e l\u2019utilizzo dello stesso ai minori di 18 anni; pertanto, essa si riserva il diritto di verificare l\u2019et\u00e0 degli utenti e di negare loro l\u2019accesso ai servizi, se minori di 18 anni. Tali soggetti possono accedere ai servizi soltanto se e nella misura in cui il consenso al trattamento dei loro dati personali \u00e8 prestato o autorizzato dal titolare della responsabilit\u00e0 genitoriale. Con l\u2019accettazione di questa informativa, l\u2019utente dichiara di essere maggiorenne.<\/p>\n<h2>7. Diritti dell\u2019utente<\/h2>\n<p>Ai sensi del GDPR gli utenti godono dei seguenti diritti:<\/p>\n<p>diritto di accesso: diritto di ottenere conferma se vengono trattati dati personali che lo riguardano e, in tal caso, l&#8217;accesso ai dati personali e altre informazioni specifiche, ai sensi dell&#8217;art. 15 GDPR;<br \/>\ndiritto di rettifica: diritto di ottenere la rettifica di dati personali inesatti che lo riguardano. Tenendo conto delle finalit\u00e0 del trattamento, l&#8217;utente ha diritto di ottenere il completamento dei dati personali incompleti, anche mediante una dichiarazione integrativa, ai sensi dell&#8217;art. 16 GDPR;<br \/>\ndiritto alla cancellazione\/diritto all&#8217;oblio e diritto di revoca del consenso: diritto di ottenere la cancellazione dei dati personali che lo riguardano ed obbligo per la Titolare di cancellare i dati personali ove si applichino i motivi di cui all&#8217;art. 17 GDPR. In relazione alla revoca del consenso, l&#8217;utente ha il diritto di revocare il consenso in qualsiasi momento, senza pregiudicare la liceit\u00e0 del trattamento basata sul consenso prestato prima della revoca;<br \/>\ndiritto alla limitazione del trattamento: diritto di ottenere la limitazione del trattamento laddove si applicano i motivi di cui all&#8217;art. 18 GDPR;<br \/>\ndiritto alla portabilit\u00e0 dei dati: diritto di ricevere i dati personali che lo riguardano e che ha fornito alla Titolare, in un formato strutturato, di uso comune e leggibile da dispositivo automatico, e diritto di trasmettere tali dati ad un altro titolare alle condizioni stabilite dall\u2019art. 20 GDPR;<br \/>\ndiritto di opporsi alle comunicazioni di marketing: diritto di opporsi, in ogni momento, gratuitamente, alla ricezione di comunicazioni commerciali; il diritto pu\u00f2 essere esercitato anche disgiuntamente per il marketing tradizionale e non. L\u2019utente ha diritto di opporsi nelle circostanze elencate di seguito:<br \/>\n&#8211; in qualsiasi momento, in relazione a motivi legati alla tua particolare situazione, di opporti al trattamento dei dati personali che ti riguardano, ai sensi dell&#8217;articolo 6, paragrafo 1, lettere e) o f) del GDPR, compresa la profilazione basata su tali disposizioni. Il Titolare non tratta pi\u00f9 i dati personali a meno che il Titolare non dimostri validi motivi legittimi per il trattamento che prevalgono sugli interessi, i diritti e le libert\u00e0 dell&#8217;utente o per l&#8217;istituzione, l&#8217;esercizio o la difesa di rivendicazioni legali;<\/p>\n<p>&#8211; laddove i dati personali vengano trattati per scopi di marketing diretto, l&#8217;utente avr\u00e0 il diritto di opporsi in qualsiasi momento al trattamento dei dati personali che lo riguardano per tale marketing, che include la profilazione nella misura in cui \u00e8 correlata a tale marketing diretto;<\/p>\n<p>&#8211; in caso di opposizione al trattamento per scopi di marketing diretto, i dati personali non saranno pi\u00f9 trattati per tali scopi.<\/p>\n<p>Per maggiori informazioni, si vedano <a href=\"https:\/\/edpb.europa.eu\/guidelines-your-rights_en\" target=\"_blank\" rel=\"noopener\">https:\/\/edpb.europa.eu\/guidelines-your-rights_en<\/a> e <a href=\"https:\/\/edpb.europa.eu\/about-edpb\/board\/members_en\" target=\"_blank\" rel=\"noopener\">https:\/\/edpb.europa.eu\/about-edpb\/board\/members_en<\/a>.<\/p>\n<h2>8. Contatti<\/h2>\n<p>La Titolare del trattamento dei dati Impresa Carlo Rusconi S.r.l. (P. IVA 00802070151), con sede legale in piazzale Principessa Clotilde 8 (20121) Milano.<\/p>\n<p>Per esercitare i propri diritti o per avere informazioni in merito al trattamento dei dati personali, gli utenti possono scrivere all\u2019indirizzo email <a href=\"mailto:info@impresarusconi.it\">info@impresarusconi.it<\/a><\/p>\n<p>Per maggiori informazioni in merito alla normativa sul trattamento dei dati personali, si veda <a href=\"https:\/\/eur-lex.europa.eu\/legal-content\/IT\/TXT\/?uri=CELEX%3A32016R0679\">https:\/\/eur-lex.europa.eu\/legal-content\/IT\/TXT\/?uri=CELEX%3A32016R0679<\/a>.<\/p>\n<h2>9. Sociale networks<\/h2>\n<p>I Siti contengono links a siti di terzi (in particolare, Facebook, Instagram, YouTube e Linkedin). Per questi siti non si applica quanto previsto dalla presente informativa. La Titolare suggerisce di consultare le informative privacy e le cookie policy di tali siti<\/p>\n<h2>10. Accettazione dei cookies e della cookie policy<\/h2>\n<p>Continuando a navigare nel sito, accetti questo documento. In caso di mancata accettazione dei cookies abbandonando la navigazione, tutti i cookies gi\u00e0 registrati localmente sul computer dell&#8217;utente rimarranno l\u00ec registrati, ma non saranno pi\u00f9 letti, n\u00e9 utilizzati dal proprietario di questo Sito.<\/p>\n<p>La Titolare si riserva il diritto di modificare e aggiornare questo documento. Pertanto, \u00e8 consigliabile consultare periodicamente l\u2019informativa all&#8217;interessato, al fine di conoscere tempestivamente eventuali modifiche e aggiornamenti, posto che l&#8217;uso del Sito, dopo la pubblicazione di tali modifiche e aggiornamenti, costituisce accettazione della stessa.<\/p>\n<p>Ultimo aggiornamento 08\/03\/2022<\/p>\n<\/div><\/div><\/div><\/div><\/div><\/p>\n","protected":false},"excerpt":{"rendered":"","protected":false},"author":7,"featured_media":0,"parent":0,"menu_order":0,"comment_status":"closed","ping_status":"closed","template":"100-width.php","meta":{"_acf_changed":false,"footnotes":""},"class_list":["post-9722","page","type-page","status-publish","hentry"],"acf":[],"yoast_head":"<!-- This site is optimized with the Yoast SEO plugin v27.3 - https:\/\/yoast.com\/product\/yoast-seo-wordpress\/ -->\n<title>Cookie Policy - Impresa Rusconi<\/title>\n<meta name=\"description\" content=\"I cookie sono piccoli file inviati e registrati nel tuo computer dai siti web che visiti e vengono memorizzati nel tuo browser.\" \/>\n<meta name=\"robots\" content=\"index, follow, max-snippet:-1, max-image-preview:large, max-video-preview:-1\" \/>\n<link rel=\"canonical\" href=\"https:\/\/www.impresarusconi.it\/en\/cookie-policy\/\" \/>\n<meta property=\"og:locale\" content=\"en_US\" \/>\n<meta property=\"og:type\" content=\"article\" \/>\n<meta property=\"og:title\" content=\"Cookie Policy - Impresa Rusconi\" \/>\n<meta property=\"og:description\" content=\"I cookie sono piccoli file inviati e registrati nel tuo computer dai siti web che visiti e vengono memorizzati nel tuo browser.\" \/>\n<meta property=\"og:url\" content=\"https:\/\/www.impresarusconi.it\/en\/cookie-policy\/\" \/>\n<meta property=\"og:site_name\" content=\"Impresa Rusconi\" \/>\n<meta property=\"article:modified_time\" content=\"2022-07-28T12:33:16+00:00\" \/>\n<meta name=\"twitter:card\" content=\"summary_large_image\" \/>\n<meta name=\"twitter:label1\" content=\"Est. reading time\" \/>\n\t<meta name=\"twitter:data1\" content=\"15 minutes\" \/>\n<script type=\"application\/ld+json\" class=\"yoast-schema-graph\">{\"@context\":\"https:\\\/\\\/schema.org\",\"@graph\":[{\"@type\":\"WebPage\",\"@id\":\"https:\\\/\\\/www.impresarusconi.it\\\/en\\\/cookie-policy\\\/\",\"url\":\"https:\\\/\\\/www.impresarusconi.it\\\/en\\\/cookie-policy\\\/\",\"name\":\"Cookie Policy - Impresa Rusconi\",\"isPartOf\":{\"@id\":\"https:\\\/\\\/www.impresarusconi.it\\\/en\\\/#website\"},\"datePublished\":\"2021-10-13T15:12:02+00:00\",\"dateModified\":\"2022-07-28T12:33:16+00:00\",\"description\":\"I cookie sono piccoli file inviati e registrati nel tuo computer dai siti web che visiti e vengono memorizzati nel tuo browser.\",\"breadcrumb\":{\"@id\":\"https:\\\/\\\/www.impresarusconi.it\\\/en\\\/cookie-policy\\\/#breadcrumb\"},\"inLanguage\":\"en-US\",\"potentialAction\":[{\"@type\":\"ReadAction\",\"target\":[\"https:\\\/\\\/www.impresarusconi.it\\\/en\\\/cookie-policy\\\/\"]}]},{\"@type\":\"BreadcrumbList\",\"@id\":\"https:\\\/\\\/www.impresarusconi.it\\\/en\\\/cookie-policy\\\/#breadcrumb\",\"itemListElement\":[{\"@type\":\"ListItem\",\"position\":1,\"name\":\"Home\",\"item\":\"https:\\\/\\\/www.impresarusconi.it\\\/en\\\/\"},{\"@type\":\"ListItem\",\"position\":2,\"name\":\"Cookie Policy\"}]},{\"@type\":\"WebSite\",\"@id\":\"https:\\\/\\\/www.impresarusconi.it\\\/en\\\/#website\",\"url\":\"https:\\\/\\\/www.impresarusconi.it\\\/en\\\/\",\"name\":\"Impresa Rusconi\",\"description\":\"Una questione di fiducia\",\"potentialAction\":[{\"@type\":\"SearchAction\",\"target\":{\"@type\":\"EntryPoint\",\"urlTemplate\":\"https:\\\/\\\/www.impresarusconi.it\\\/en\\\/?s={search_term_string}\"},\"query-input\":{\"@type\":\"PropertyValueSpecification\",\"valueRequired\":true,\"valueName\":\"search_term_string\"}}],\"inLanguage\":\"en-US\"}]}<\/script>\n<!-- \/ Yoast SEO plugin. -->","yoast_head_json":{"title":"Cookie Policy - Impresa Rusconi","description":"I cookie sono piccoli file inviati e registrati nel tuo computer dai siti web che visiti e vengono memorizzati nel tuo browser.","robots":{"index":"index","follow":"follow","max-snippet":"max-snippet:-1","max-image-preview":"max-image-preview:large","max-video-preview":"max-video-preview:-1"},"canonical":"https:\/\/www.impresarusconi.it\/en\/cookie-policy\/","og_locale":"en_US","og_type":"article","og_title":"Cookie Policy - Impresa Rusconi","og_description":"I cookie sono piccoli file inviati e registrati nel tuo computer dai siti web che visiti e vengono memorizzati nel tuo browser.","og_url":"https:\/\/www.impresarusconi.it\/en\/cookie-policy\/","og_site_name":"Impresa Rusconi","article_modified_time":"2022-07-28T12:33:16+00:00","twitter_card":"summary_large_image","twitter_misc":{"Est. reading time":"15 minutes"},"schema":{"@context":"https:\/\/schema.org","@graph":[{"@type":"WebPage","@id":"https:\/\/www.impresarusconi.it\/en\/cookie-policy\/","url":"https:\/\/www.impresarusconi.it\/en\/cookie-policy\/","name":"Cookie Policy - Impresa Rusconi","isPartOf":{"@id":"https:\/\/www.impresarusconi.it\/en\/#website"},"datePublished":"2021-10-13T15:12:02+00:00","dateModified":"2022-07-28T12:33:16+00:00","description":"I cookie sono piccoli file inviati e registrati nel tuo computer dai siti web che visiti e vengono memorizzati nel tuo browser.","breadcrumb":{"@id":"https:\/\/www.impresarusconi.it\/en\/cookie-policy\/#breadcrumb"},"inLanguage":"en-US","potentialAction":[{"@type":"ReadAction","target":["https:\/\/www.impresarusconi.it\/en\/cookie-policy\/"]}]},{"@type":"BreadcrumbList","@id":"https:\/\/www.impresarusconi.it\/en\/cookie-policy\/#breadcrumb","itemListElement":[{"@type":"ListItem","position":1,"name":"Home","item":"https:\/\/www.impresarusconi.it\/en\/"},{"@type":"ListItem","position":2,"name":"Cookie Policy"}]},{"@type":"WebSite","@id":"https:\/\/www.impresarusconi.it\/en\/#website","url":"https:\/\/www.impresarusconi.it\/en\/","name":"Impresa Rusconi","description":"Una questione di fiducia","potentialAction":[{"@type":"SearchAction","target":{"@type":"EntryPoint","urlTemplate":"https:\/\/www.impresarusconi.it\/en\/?s={search_term_string}"},"query-input":{"@type":"PropertyValueSpecification","valueRequired":true,"valueName":"search_term_string"}}],"inLanguage":"en-US"}]}},"jetpack_sharing_enabled":true,"_links":{"self":[{"href":"https:\/\/www.impresarusconi.it\/en\/wp-json\/wp\/v2\/pages\/9722","targetHints":{"allow":["GET"]}}],"collection":[{"href":"https:\/\/www.impresarusconi.it\/en\/wp-json\/wp\/v2\/pages"}],"about":[{"href":"https:\/\/www.impresarusconi.it\/en\/wp-json\/wp\/v2\/types\/page"}],"author":[{"embeddable":true,"href":"https:\/\/www.impresarusconi.it\/en\/wp-json\/wp\/v2\/users\/7"}],"replies":[{"embeddable":true,"href":"https:\/\/www.impresarusconi.it\/en\/wp-json\/wp\/v2\/comments?post=9722"}],"version-history":[{"count":3,"href":"https:\/\/www.impresarusconi.it\/en\/wp-json\/wp\/v2\/pages\/9722\/revisions"}],"predecessor-version":[{"id":10304,"href":"https:\/\/www.impresarusconi.it\/en\/wp-json\/wp\/v2\/pages\/9722\/revisions\/10304"}],"wp:attachment":[{"href":"https:\/\/www.impresarusconi.it\/en\/wp-json\/wp\/v2\/media?parent=9722"}],"curies":[{"name":"wp","href":"https:\/\/api.w.org\/{rel}","templated":true}]}}